{"id":917,"date":"2022-04-01T08:23:29","date_gmt":"2022-04-01T08:23:29","guid":{"rendered":"https:\/\/42ria.itq.webs.upv.es\/valencia\/"},"modified":"2022-04-12T11:19:02","modified_gmt":"2022-04-12T11:19:02","slug":"valencia","status":"publish","type":"page","link":"https:\/\/42ria.itq.webs.upv.es\/pt-pt\/valencia\/","title":{"rendered":"VALENCIA"},"content":{"rendered":"<div id='full_slider_1'  class='avia-fullwidth-slider main_color avia-shadow   avia-builder-el-0  el_before_av_section  avia-builder-el-first   container_wrap fullsize'  ><div   data-size='featured'  data-lightbox_size='large'  data-animation='slide'  data-conditional_play=''  data-ids='1160'  data-video_counter='0'  data-autoplay='true'  data-bg_slider='false'  data-slide_height=''  data-handle='av_slideshow_full'  data-interval='10'  data-class=' '  data-el_id=''  data-css_id=''  data-scroll_down=''  data-control_layout='av-control-hidden'  data-custom_markup=''  data-perma_caption='aviaTBperma_caption'  data-autoplay_stopper=''  data-image_attachment=''  data-min_height='0px'  data-lazy_loading='disabled'  data-src=''  data-position='top left'  data-repeat='no-repeat'  data-attach='scroll'  data-stretch=''  data-img_scrset=''  data-default-height='28.666666666667'  class='avia-slideshow avia-slideshow-1  av-control-hidden av-default-height-applied avia-slideshow-featured av_slideshow_full   avia-slide-slider '  itemprop=\"image\" itemscope=\"itemscope\" itemtype=\"https:\/\/schema.org\/ImageObject\" ><ul class='avia-slideshow-inner ' style='padding-bottom: 28.666666666667%;' ><li  class=' av-single-slide slide-1 ' ><div data-rel='slideshow-1' class='avia-slide-wrap '   ><img decoding=\"async\" class=\"wp-image-1162 avia-img-lazy-loading-not-1162\"  src=\"https:\/\/42ria.itq.webs.upv.es\/wp-content\/uploads\/2022\/04\/BANNERIN-1500x430.jpg\" width=\"1500\" height=\"430\" title='BANNERIN' alt=''  itemprop=\"thumbnailUrl\" srcset=\"https:\/\/42ria.itq.webs.upv.es\/wp-content\/uploads\/2022\/04\/BANNERIN.jpg 1500w, https:\/\/42ria.itq.webs.upv.es\/wp-content\/uploads\/2022\/04\/BANNERIN-300x86.jpg 300w, https:\/\/42ria.itq.webs.upv.es\/wp-content\/uploads\/2022\/04\/BANNERIN-1030x295.jpg 1030w, https:\/\/42ria.itq.webs.upv.es\/wp-content\/uploads\/2022\/04\/BANNERIN-768x220.jpg 768w, https:\/\/42ria.itq.webs.upv.es\/wp-content\/uploads\/2022\/04\/BANNERIN-705x202.jpg 705w\" sizes=\"(max-width: 1500px) 100vw, 1500px\" \/><\/div><\/li><\/ul><div class = \"caption_fullwidth av-slideshow-caption caption_left\"><div class = \"container caption_container\"><div class = \"slideshow_caption\"><div class = \"slideshow_inner_caption\"><div class = \"slideshow_align_caption\"><h2  style='font-size:70px; ' class='avia-caption-title  '  itemprop=\"name\" >42 RIA<\/h2><div class='avia-caption-content  av_inherit_color'  itemprop=\"description\"   style='font-size:20px; '><p>Encontro Ib\u00e9rico de Adsor\u00e7\u00e3o<br \/>\n13 a 16 de setembro de 2022<\/p>\n<\/div><\/div><\/div><\/div><\/div><\/div><\/div><\/div>\n\n<style type=\"text\/css\" data-created_by=\"avia_inline_auto\" id=\"style-css-av-1eg5io-38ca71610353880a0ac5c6f5b5527755\">\n.avia-section.av-1eg5io-38ca71610353880a0ac5c6f5b5527755{\nbackground-color:#d8d8d8;\n}\n.avia-section.av-1eg5io-38ca71610353880a0ac5c6f5b5527755 .av-extra-border-element .av-extra-border-inner{\nbackground-color:#d8d8d8;\n}\n<\/style>\n<div id='av_section_1'  class='avia-section av-1eg5io-38ca71610353880a0ac5c6f5b5527755 main_color avia-section-default avia-no-border-styling  avia-builder-el-1  el_after_av_slideshow_full  el_before_av_section  avia-bg-style-scroll av-arrow-down-section container_wrap fullsize'  ><div class='container av-section-cont-open' ><div class='template-page content  av-content-full alpha units'><div class='post-entry post-entry-type-page post-entry-917'><div class='entry-content-wrapper clearfix'>\n<div class='flex_column av-urzow-d64066f5091ce3151218c835b84ccac0 av_one_half  avia-builder-el-2  el_before_av_one_half  avia-builder-el-first  first flex_column_div '   ><style type=\"text\/css\" data-created_by=\"avia_inline_auto\" id=\"style-css-av-l1g5zvoy-a53d60938c9a9ee9eb4230e0d4901f50\">\n.avia-image-container.av-l1g5zvoy-a53d60938c9a9ee9eb4230e0d4901f50 .av-image-caption-overlay-center{\ncolor:#ffffff;\n}\n<\/style>\n<div  class='avia-image-container av-l1g5zvoy-a53d60938c9a9ee9eb4230e0d4901f50 av-styling- avia_animated_image avia_animate_when_almost_visible pop-up avia-align-center  avia-builder-el-3  avia-builder-el-no-sibling '  itemprop=\"image\" itemscope=\"itemscope\" itemtype=\"https:\/\/schema.org\/ImageObject\" ><div class=\"avia-image-container-inner\"><div class=\"avia-image-overlay-wrap\"><img decoding=\"async\" class='wp-image-706 avia-img-lazy-loading-not-706 avia_image' src=\"https:\/\/42ria.itq.webs.upv.es\/wp-content\/uploads\/2022\/04\/Torres.jpg\" alt='' title='Torres'  height=\"684\" width=\"845\"  itemprop=\"thumbnailUrl\" srcset=\"https:\/\/42ria.itq.webs.upv.es\/wp-content\/uploads\/2022\/04\/Torres.jpg 845w, https:\/\/42ria.itq.webs.upv.es\/wp-content\/uploads\/2022\/04\/Torres-300x243.jpg 300w, https:\/\/42ria.itq.webs.upv.es\/wp-content\/uploads\/2022\/04\/Torres-768x622.jpg 768w, https:\/\/42ria.itq.webs.upv.es\/wp-content\/uploads\/2022\/04\/Torres-495x400.jpg 495w, https:\/\/42ria.itq.webs.upv.es\/wp-content\/uploads\/2022\/04\/Torres-705x571.jpg 705w\" sizes=\"(max-width: 845px) 100vw, 845px\" \/><\/div><\/div><\/div><\/div><div class='flex_column av-588kw-c48645d2fc265ae260c9908b0666ac74 av_one_half  avia-builder-el-4  el_after_av_one_half  avia-builder-el-last  flex_column_div '   ><section  class='av_textblock_section av-1790tc-cc84ea468dc143128f9f1d6547823a83'  itemscope=\"itemscope\" itemtype=\"https:\/\/schema.org\/CreativeWork\" ><div class='avia_textblock'  itemprop=\"text\" ><p>Val\u00eancia, localizada na costa mediterr\u00e2nea do leste da Espanha, \u00e9 a capital da regi\u00e3o aut\u00f4noma da Comunidade Valenciana. Durante duzentos anos foi a capital do Reino de Val\u00eancia, parte das confedera\u00e7\u00f5es dos Reinos da Coroa Espanhola. Atualmente sua popula\u00e7\u00e3o \u00e9 de cerca de 900.000 habitantes.<\/p>\n<p>Val\u00eancia, fundada em 138 aC pelos romanos, tem vindo a acumular a enorme riqueza proporcionada pelas diferentes culturas que nela viveram (visigoda, mu\u00e7ulmana&#8230;). At\u00e9 meados do s\u00e9culo XIX, era defendida por uma muralha. Temos ainda como prova as maravilhosas &#8220;Torres de Serranos&#8221;, &#8220;las Torres de Quart&#8221; e algumas pe\u00e7as da parede expostas no Instituto de Arte Moderna de Val\u00eancia.<\/p>\n<\/div><\/section><\/div>\n\n<\/div><\/div><\/div><!-- close content main div --><\/div><div class='av-extra-border-element border-extra-arrow-down'><div class='av-extra-border-outer'><div class='av-extra-border-inner'><\/div><\/div><\/div><\/div>\n<style type=\"text\/css\" data-created_by=\"avia_inline_auto\" id=\"style-css-av-4ee1hs-80d7ee92cb695357930e814661210a60\">\n.avia-section.av-4ee1hs-80d7ee92cb695357930e814661210a60 .av-extra-border-element .av-extra-border-inner{\nbackground-color:#ffffff;\n}\n<\/style>\n<div id='av_section_2'  class='avia-section av-4ee1hs-80d7ee92cb695357930e814661210a60 main_color avia-section-default avia-no-border-styling  avia-builder-el-6  el_after_av_section  el_before_av_section  avia-bg-style-scroll av-arrow-down-section container_wrap fullsize'  ><div class='container av-section-cont-open' ><div class='template-page content  av-content-full alpha units'><div class='post-entry post-entry-type-page post-entry-917'><div class='entry-content-wrapper clearfix'>\n<div class='flex_column av-45r7og-c7638469acd1395e67a8d093736bafe1 av_one_half  avia-builder-el-7  el_before_av_one_half  avia-builder-el-first  first flex_column_div '   ><section  class='av_textblock_section av-44l2pc-f0b74a0a1e2f2cddf02fe896bdf33895'  itemscope=\"itemscope\" itemtype=\"https:\/\/schema.org\/CreativeWork\" ><div class='avia_textblock'  itemprop=\"text\" ><p>Passear por Val\u00eancia \u00e9 sentir a pluralidade e evolu\u00e7\u00e3o de uma cidade em que os legados da sua pr\u00f3spera hist\u00f3ria convivem harmoniosamente com as constru\u00e7\u00f5es recentes e inovadoras. Podemos apreciar os restos do f\u00f3rum romano localizado na &#8220;Plaza de la Virgen&#8221;, parte da cidade romana de Val\u00eancia, at\u00e9 a emblem\u00e1tica Cidade das Artes e Ci\u00eancias. A cidade vem transformando sua apar\u00eancia com o passar dos anos, preservando seus monumentos do passado.<\/p>\n<p>Percorra o centro hist\u00f3rico, contemple templos religiosos e monumentos civis g\u00f3ticos, barrocos, modernistas&#8230;, A \u00e1rea do mercado foi criada em torno da vida comercial dos habitantes, erguendo edif\u00edcios emblem\u00e1ticos como o edif\u00edcio g\u00f3tico &#8220;La Lonja&#8221; declarado Patrim\u00f3nio Mundial da Humanidade pela UNESCO.<\/p>\n<\/div><\/section><\/div><div class='flex_column av-3vr7sw-66ff5bbce4f177e86c6e4e9e66b41dd2 av_one_half  avia-builder-el-9  el_after_av_one_half  avia-builder-el-last  flex_column_div '   ><style type=\"text\/css\" data-created_by=\"avia_inline_auto\" id=\"style-css-av-3npbug-df12b0d689e0704940c25fe1d6500125\">\n.avia-image-container.av-3npbug-df12b0d689e0704940c25fe1d6500125 .av-image-caption-overlay-center{\ncolor:#ffffff;\n}\n<\/style>\n<div  class='avia-image-container av-3npbug-df12b0d689e0704940c25fe1d6500125 av-styling- avia_animated_image avia_animate_when_almost_visible fade-in avia-align-center  avia-builder-el-10  avia-builder-el-no-sibling '  itemprop=\"image\" itemscope=\"itemscope\" itemtype=\"https:\/\/schema.org\/ImageObject\" ><div class=\"avia-image-container-inner\"><div class=\"avia-image-overlay-wrap\"><img decoding=\"async\" class='wp-image-704 avia-img-lazy-loading-not-704 avia_image' src=\"https:\/\/42ria.itq.webs.upv.es\/wp-content\/uploads\/2022\/04\/Valencia1.jpg\" alt='' title='Valencia1'  height=\"684\" width=\"845\"  itemprop=\"thumbnailUrl\" srcset=\"https:\/\/42ria.itq.webs.upv.es\/wp-content\/uploads\/2022\/04\/Valencia1.jpg 845w, https:\/\/42ria.itq.webs.upv.es\/wp-content\/uploads\/2022\/04\/Valencia1-300x243.jpg 300w, https:\/\/42ria.itq.webs.upv.es\/wp-content\/uploads\/2022\/04\/Valencia1-768x622.jpg 768w, https:\/\/42ria.itq.webs.upv.es\/wp-content\/uploads\/2022\/04\/Valencia1-495x400.jpg 495w, https:\/\/42ria.itq.webs.upv.es\/wp-content\/uploads\/2022\/04\/Valencia1-705x571.jpg 705w\" sizes=\"(max-width: 845px) 100vw, 845px\" \/><\/div><\/div><\/div><\/div>\n\n<\/div><\/div><\/div><!-- close content main div --><\/div><div class='av-extra-border-element border-extra-arrow-down'><div class='av-extra-border-outer'><div class='av-extra-border-inner'><\/div><\/div><\/div><\/div>\n<style type=\"text\/css\" data-created_by=\"avia_inline_auto\" id=\"style-css-av-3ll9f4-c08a874fad3269b36432564e4dfb2318\">\n.avia-section.av-3ll9f4-c08a874fad3269b36432564e4dfb2318{\nbackground-color:#d8d8d8;\n}\n.avia-section.av-3ll9f4-c08a874fad3269b36432564e4dfb2318 .av-extra-border-element .av-extra-border-inner{\nbackground-color:#d8d8d8;\n}\n<\/style>\n<div id='av_section_3'  class='avia-section av-3ll9f4-c08a874fad3269b36432564e4dfb2318 main_color avia-section-default avia-no-border-styling  avia-builder-el-11  el_after_av_section  el_before_av_section  avia-bg-style-scroll av-arrow-down-section container_wrap fullsize'  ><div class='container av-section-cont-open' ><div class='template-page content  av-content-full alpha units'><div class='post-entry post-entry-type-page post-entry-917'><div class='entry-content-wrapper clearfix'>\n<div class='flex_column av-3ec46o-b6352b948bed0b4db80ab836c0e0fc66 av_one_half  avia-builder-el-12  el_before_av_one_half  avia-builder-el-first  first flex_column_div '   ><style type=\"text\/css\" data-created_by=\"avia_inline_auto\" id=\"style-css-av-39wzsg-63ae4a1a70cfa4ed44daea713f77aba7\">\n.avia-image-container.av-39wzsg-63ae4a1a70cfa4ed44daea713f77aba7 .av-image-caption-overlay-center{\ncolor:#ffffff;\n}\n<\/style>\n<div  class='avia-image-container av-39wzsg-63ae4a1a70cfa4ed44daea713f77aba7 av-styling- avia_animated_image avia_animate_when_almost_visible fade-in avia-align-center  avia-builder-el-13  avia-builder-el-no-sibling '  itemprop=\"image\" itemscope=\"itemscope\" itemtype=\"https:\/\/schema.org\/ImageObject\" ><div class=\"avia-image-container-inner\"><div class=\"avia-image-overlay-wrap\"><img decoding=\"async\" class='wp-image-702 avia-img-lazy-loading-not-702 avia_image' src=\"https:\/\/42ria.itq.webs.upv.es\/wp-content\/uploads\/2022\/04\/cac.jpg\" alt='' title='cac'  height=\"684\" width=\"845\"  itemprop=\"thumbnailUrl\" srcset=\"https:\/\/42ria.itq.webs.upv.es\/wp-content\/uploads\/2022\/04\/cac.jpg 845w, https:\/\/42ria.itq.webs.upv.es\/wp-content\/uploads\/2022\/04\/cac-300x243.jpg 300w, https:\/\/42ria.itq.webs.upv.es\/wp-content\/uploads\/2022\/04\/cac-768x622.jpg 768w, https:\/\/42ria.itq.webs.upv.es\/wp-content\/uploads\/2022\/04\/cac-495x400.jpg 495w, https:\/\/42ria.itq.webs.upv.es\/wp-content\/uploads\/2022\/04\/cac-705x571.jpg 705w\" sizes=\"(max-width: 845px) 100vw, 845px\" \/><\/div><\/div><\/div><\/div><div class='flex_column av-34cyeg-f5e4c85cc2e166cb698a24b5f6da37fc av_one_half  avia-builder-el-14  el_after_av_one_half  avia-builder-el-last  flex_column_div '   ><section  class='av_textblock_section av-2vpts8-2ee6ad0f63125818280e04987e32ff19'  itemscope=\"itemscope\" itemtype=\"https:\/\/schema.org\/CreativeWork\" ><div class='avia_textblock'  itemprop=\"text\" ><p align=\"justify\">Do outro lado do antigo leito encontram-se os jardins do rio Turia, junto ao Museu de Artes e \u00e0 parte moderna da cidade. A face futurista da cidade se reflete no antigo leito do rio, atravessando o Palau de la M\u00fasica, o parque infantil &#8220;Gulliver&#8221; at\u00e9 chegar ao complexo cultural &#8220;Ciutat de les Arts i les Ci\u00e8ncies&#8221;. A vida na cidade estende-se \u00e0 costa com o porto e as praias de &#8220;Las Arenas&#8221; e &#8220;La Malvarrosa&#8221;.<\/p>\n<\/div><\/section><\/div>\n\n<\/div><\/div><\/div><!-- close content main div --><\/div><div class='av-extra-border-element border-extra-arrow-down'><div class='av-extra-border-outer'><div class='av-extra-border-inner'><\/div><\/div><\/div><\/div>\n<style type=\"text\/css\" data-created_by=\"avia_inline_auto\" id=\"style-css-av-av_section-b95ab44b5ea175db5e3ed2b62594c124\">\n.avia-section.av-av_section-b95ab44b5ea175db5e3ed2b62594c124{\nbackground-color:#ededed;\n}\n.avia-section.av-av_section-b95ab44b5ea175db5e3ed2b62594c124 .av-extra-border-element .av-extra-border-inner{\nbackground-color:#ededed;\n}\n<\/style>\n<div id='av_section_4'  class='avia-section av-av_section-b95ab44b5ea175db5e3ed2b62594c124 main_color avia-section-default avia-no-border-styling  avia-builder-el-16  el_after_av_section  avia-builder-el-last  avia-bg-style-scroll av-arrow-down-section container_wrap fullsize'  ><div class='container av-section-cont-open' ><div class='template-page content  av-content-full alpha units'><div class='post-entry post-entry-type-page post-entry-917'><div class='entry-content-wrapper clearfix'>\n<div class='flex_column av-av_one_half-a93934ecd89fbb8a9566d39e89cd3725 av_one_half  avia-builder-el-17  el_before_av_one_half  avia-builder-el-first  first flex_column_div '   ><section  class='av_textblock_section av-l1qbqzzc-1ffb7b39386a2745bc94638fa422ff2d'  itemscope=\"itemscope\" itemtype=\"https:\/\/schema.org\/CreativeWork\" ><div class='avia_textblock'  itemprop=\"text\" ><p align=\"justify\">Intensamente influenciada pela sua personalidade mar\u00edtima desde a sua funda\u00e7\u00e3o, Val\u00eancia \u00e9 hoje mais do que nunca uma cidade orientada para o mar e definida pela sua rela\u00e7\u00e3o com o mesmo. Fruto desta rela\u00e7\u00e3o \u00edntima com o mar, da sua capacidade para organizar grandes eventos e do empenho de todas as administra\u00e7\u00f5es p\u00fablicas, Val\u00eancia foi escolhida entre 65 cidades de todo o mundo como sede da 32\u00aa edi\u00e7\u00e3o da Copa Am\u00e9rica. Este evento internacional, realizado na primavera de 2007, transformou a cidade numa janela privilegiada para o Mediterr\u00e2neo. A partir de 2008, Val\u00eancia recebe o Grande Pr\u00eamio da Europa no Circuito de Rua de Val\u00eancia, um circuito que abre a cidade ao mar.<\/p>\n<\/div><\/section><\/div><div class='flex_column av-av_one_half-d06667205e6186ec8414c6eb7605d406 av_one_half  avia-builder-el-19  el_after_av_one_half  avia-builder-el-last  flex_column_div '   ><style type=\"text\/css\" data-created_by=\"avia_inline_auto\" id=\"style-css-av-av_image-5b0883af5fa325ab1947c0ea22fa5a0b\">\n.avia-image-container.av-av_image-5b0883af5fa325ab1947c0ea22fa5a0b .av-image-caption-overlay-center{\ncolor:#ffffff;\n}\n<\/style>\n<div  class='avia-image-container av-av_image-5b0883af5fa325ab1947c0ea22fa5a0b av-styling- avia_animated_image avia_animate_when_almost_visible fade-in avia-align-center  avia-builder-el-20  avia-builder-el-no-sibling '  itemprop=\"image\" itemscope=\"itemscope\" itemtype=\"https:\/\/schema.org\/ImageObject\" ><div class=\"avia-image-container-inner\"><div class=\"avia-image-overlay-wrap\"><img decoding=\"async\" class='wp-image-708 avia-img-lazy-loading-not-708 avia_image' src=\"https:\/\/42ria.itq.webs.upv.es\/wp-content\/uploads\/2022\/04\/puerto.jpg\" alt='' title='puerto'  height=\"684\" width=\"845\"  itemprop=\"thumbnailUrl\" srcset=\"https:\/\/42ria.itq.webs.upv.es\/wp-content\/uploads\/2022\/04\/puerto.jpg 845w, https:\/\/42ria.itq.webs.upv.es\/wp-content\/uploads\/2022\/04\/puerto-300x243.jpg 300w, https:\/\/42ria.itq.webs.upv.es\/wp-content\/uploads\/2022\/04\/puerto-768x622.jpg 768w, https:\/\/42ria.itq.webs.upv.es\/wp-content\/uploads\/2022\/04\/puerto-495x400.jpg 495w, https:\/\/42ria.itq.webs.upv.es\/wp-content\/uploads\/2022\/04\/puerto-705x571.jpg 705w\" sizes=\"(max-width: 845px) 100vw, 845px\" \/><\/div><\/div><\/div><\/div>\n\n","protected":false},"excerpt":{"rendered":"","protected":false},"author":2,"featured_media":0,"parent":0,"menu_order":0,"comment_status":"closed","ping_status":"closed","template":"","meta":{"footnotes":""},"class_list":["post-917","page","type-page","status-publish","hentry"],"_links":{"self":[{"href":"https:\/\/42ria.itq.webs.upv.es\/pt-pt\/wp-json\/wp\/v2\/pages\/917","targetHints":{"allow":["GET"]}}],"collection":[{"href":"https:\/\/42ria.itq.webs.upv.es\/pt-pt\/wp-json\/wp\/v2\/pages"}],"about":[{"href":"https:\/\/42ria.itq.webs.upv.es\/pt-pt\/wp-json\/wp\/v2\/types\/page"}],"author":[{"embeddable":true,"href":"https:\/\/42ria.itq.webs.upv.es\/pt-pt\/wp-json\/wp\/v2\/users\/2"}],"replies":[{"embeddable":true,"href":"https:\/\/42ria.itq.webs.upv.es\/pt-pt\/wp-json\/wp\/v2\/comments?post=917"}],"version-history":[{"count":9,"href":"https:\/\/42ria.itq.webs.upv.es\/pt-pt\/wp-json\/wp\/v2\/pages\/917\/revisions"}],"predecessor-version":[{"id":1259,"href":"https:\/\/42ria.itq.webs.upv.es\/pt-pt\/wp-json\/wp\/v2\/pages\/917\/revisions\/1259"}],"wp:attachment":[{"href":"https:\/\/42ria.itq.webs.upv.es\/pt-pt\/wp-json\/wp\/v2\/media?parent=917"}],"curies":[{"name":"wp","href":"https:\/\/api.w.org\/{rel}","templated":true}]}}