{"id":914,"date":"2022-04-06T16:45:38","date_gmt":"2022-04-06T16:45:38","guid":{"rendered":"https:\/\/42ria.itq.webs.upv.es\/ponentes\/"},"modified":"2022-05-11T17:42:19","modified_gmt":"2022-05-11T17:42:19","slug":"ponentes","status":"publish","type":"page","link":"https:\/\/42ria.itq.webs.upv.es\/pt-pt\/ponentes\/","title":{"rendered":"PONENTES"},"content":{"rendered":"<div id='full_slider_1'  class='avia-fullwidth-slider main_color avia-shadow   avia-builder-el-0  el_before_av_hr  avia-builder-el-first   container_wrap fullsize'  ><div   data-size='featured'  data-lightbox_size='large'  data-animation='slide'  data-conditional_play=''  data-ids='1160'  data-video_counter='0'  data-autoplay='true'  data-bg_slider='false'  data-slide_height=''  data-handle='av_slideshow_full'  data-interval='10'  data-class=' '  data-el_id=''  data-css_id=''  data-scroll_down=''  data-control_layout='av-control-hidden'  data-custom_markup=''  data-perma_caption='aviaTBperma_caption'  data-autoplay_stopper=''  data-image_attachment=''  data-min_height='0px'  data-lazy_loading='disabled'  data-src=''  data-position='top left'  data-repeat='no-repeat'  data-attach='scroll'  data-stretch=''  data-img_scrset=''  data-default-height='28.666666666667'  class='avia-slideshow avia-slideshow-1  av-control-hidden av-default-height-applied avia-slideshow-featured av_slideshow_full   avia-slide-slider '  itemprop=\"image\" itemscope=\"itemscope\" itemtype=\"https:\/\/schema.org\/ImageObject\" ><ul class='avia-slideshow-inner ' style='padding-bottom: 28.666666666667%;' ><li  class=' av-single-slide slide-1 ' ><div data-rel='slideshow-1' class='avia-slide-wrap '   ><img decoding=\"async\" class=\"wp-image-1162 avia-img-lazy-loading-not-1162\"  src=\"https:\/\/42ria.itq.webs.upv.es\/wp-content\/uploads\/2022\/04\/BANNERIN-1500x430.jpg\" width=\"1500\" height=\"430\" title='BANNERIN' alt=''  itemprop=\"thumbnailUrl\" srcset=\"https:\/\/42ria.itq.webs.upv.es\/wp-content\/uploads\/2022\/04\/BANNERIN.jpg 1500w, https:\/\/42ria.itq.webs.upv.es\/wp-content\/uploads\/2022\/04\/BANNERIN-300x86.jpg 300w, https:\/\/42ria.itq.webs.upv.es\/wp-content\/uploads\/2022\/04\/BANNERIN-1030x295.jpg 1030w, https:\/\/42ria.itq.webs.upv.es\/wp-content\/uploads\/2022\/04\/BANNERIN-768x220.jpg 768w, https:\/\/42ria.itq.webs.upv.es\/wp-content\/uploads\/2022\/04\/BANNERIN-705x202.jpg 705w\" sizes=\"(max-width: 1500px) 100vw, 1500px\" \/><\/div><\/li><\/ul><div class = \"caption_fullwidth av-slideshow-caption caption_left\"><div class = \"container caption_container\"><div class = \"slideshow_caption\"><div class = \"slideshow_inner_caption\"><div class = \"slideshow_align_caption\"><h2  style='font-size:70px; ' class='avia-caption-title  '  itemprop=\"name\" >42 RIA<\/h2><div class='avia-caption-content  av_inherit_color'  itemprop=\"description\"   style='font-size:20px; '><p>Encontro Ib\u00e9rico de Adsor\u00e7\u00e3o<br \/>\n13 a 16 de setembro de 2022<\/p>\n<\/div><\/div><\/div><\/div><\/div><\/div><\/div><\/div><div id='after_full_slider_1'  class='main_color av_default_container_wrap container_wrap fullsize'  ><div class='container av-section-cont-open' ><div class='template-page content  av-content-full alpha units'><div class='post-entry post-entry-type-page post-entry-914'><div class='entry-content-wrapper clearfix'>\n\n<style type=\"text\/css\" data-created_by=\"avia_inline_auto\" id=\"style-css-av-l31bd8vo-d5605ca803eed99099f9b79735b814ce\">\n#top .hr.hr-invisible.av-l31bd8vo-d5605ca803eed99099f9b79735b814ce{\nheight:40px;\n}\n<\/style>\n<div  class='hr av-l31bd8vo-d5605ca803eed99099f9b79735b814ce hr-invisible  avia-builder-el-1  el_after_av_slideshow_full  el_before_av_section  avia-builder-el-no-sibling '><span class='hr-inner '><span class=\"hr-inner-style\"><\/span><\/span><\/div>\n<\/div><\/div><\/div><!-- close content main div --><\/div><\/div><div id='av_section_1'  class='avia-section av-3a7a9z-e768b0ec071e776341e74fbe9edea1f6 main_color avia-section-default avia-no-border-styling  avia-builder-el-2  el_after_av_hr  el_before_av_hr  avia-bg-style-scroll container_wrap fullsize'  ><div class='container av-section-cont-open' ><div class='template-page content  av-content-full alpha units'><div class='post-entry post-entry-type-page post-entry-914'><div class='entry-content-wrapper clearfix'>\n<div class='flex_column av-a5k6n-3891ae26db9d691dd628480254ad9d11 av_one_fourth  avia-builder-el-3  el_before_av_one_fourth  avia-builder-el-first  first flex_column_div '   ><\/div><div class='flex_column av-13on0n-2a6b96547bb5b08db853c3e2a1ff2e8a av_one_fourth  avia-builder-el-4  el_after_av_one_fourth  el_before_av_one_fourth  flex_column_div '   ><p>\n<style type=\"text\/css\" data-created_by=\"avia_inline_auto\" id=\"style-css-av-wv9on-7cff3fc1ff093b75f412237ba89d12bf\">\n#top .hr.hr-invisible.av-wv9on-7cff3fc1ff093b75f412237ba89d12bf{\nheight:10px;\n}\n<\/style>\n<div  class='hr av-wv9on-7cff3fc1ff093b75f412237ba89d12bf hr-invisible  avia-builder-el-5  el_before_av_image  avia-builder-el-first '><span class='hr-inner '><span class=\"hr-inner-style\"><\/span><\/span><\/div><br \/>\n\n<style type=\"text\/css\" data-created_by=\"avia_inline_auto\" id=\"style-css-av-l31d2xid-c74a0d23932e8ef8788255c48a2f1e92\">\n.avia-image-container.av-l31d2xid-c74a0d23932e8ef8788255c48a2f1e92 .av-image-caption-overlay-center{\ncolor:#ffffff;\n}\n<\/style>\n<div  class='avia-image-container av-l31d2xid-c74a0d23932e8ef8788255c48a2f1e92 av-styling-circle avia_animated_image avia_animate_when_almost_visible pop-up avia-align-center  avia-builder-el-6  el_after_av_hr  el_before_av_hr '  itemprop=\"image\" itemscope=\"itemscope\" itemtype=\"https:\/\/schema.org\/ImageObject\" ><div class=\"avia-image-container-inner\"><div class=\"avia-image-overlay-wrap\"><a href=\"https:\/\/42ria.itq.webs.upv.es\/pt-pt\/plenarias\/\" class='avia_image' ><img decoding=\"async\" width=\"142\" height=\"142\" class='wp-image-1436 avia-img-lazy-loading-not-1436 avia_image' src=\"https:\/\/42ria.itq.webs.upv.es\/wp-content\/uploads\/2022\/05\/plenary.jpg\" alt='' title='plenary'  itemprop=\"thumbnailUrl\" srcset=\"https:\/\/42ria.itq.webs.upv.es\/wp-content\/uploads\/2022\/05\/plenary.jpg 142w, https:\/\/42ria.itq.webs.upv.es\/wp-content\/uploads\/2022\/05\/plenary-80x80.jpg 80w, https:\/\/42ria.itq.webs.upv.es\/wp-content\/uploads\/2022\/05\/plenary-36x36.jpg 36w\" sizes=\"(max-width: 142px) 100vw, 142px\" \/><\/a><\/div><\/div><\/div><br \/>\n\n<style type=\"text\/css\" data-created_by=\"avia_inline_auto\" id=\"style-css-av-t6txr-7ce9bc4f30545722366334fc30d45f9c\">\n#top .hr.hr-invisible.av-t6txr-7ce9bc4f30545722366334fc30d45f9c{\nheight:10px;\n}\n<\/style>\n<div  class='hr av-t6txr-7ce9bc4f30545722366334fc30d45f9c hr-invisible  avia-builder-el-7  el_after_av_image  el_before_av_heading '><span class='hr-inner '><span class=\"hr-inner-style\"><\/span><\/span><\/div><br \/>\n\n<style type=\"text\/css\" data-created_by=\"avia_inline_auto\" id=\"style-css-av-l31d2dt5-5688943e7d553c047fb404350fbf427a\">\n#top .av-special-heading.av-l31d2dt5-5688943e7d553c047fb404350fbf427a{\npadding-bottom:10px;\n}\nbody .av-special-heading.av-l31d2dt5-5688943e7d553c047fb404350fbf427a .av-special-heading-tag .heading-char{\nfont-size:25px;\n}\n.av-special-heading.av-l31d2dt5-5688943e7d553c047fb404350fbf427a .av-subheading{\nfont-size:15px;\n}\n<\/style>\n<div  class='av-special-heading av-l31d2dt5-5688943e7d553c047fb404350fbf427a av-special-heading-h3 blockquote modern-quote modern-centered  avia-builder-el-8  el_after_av_hr  avia-builder-el-last '><h3 class='av-special-heading-tag'  itemprop=\"headline\"  >Plen\u00e1rias<\/h3><div class=\"special-heading-border\"><div class=\"special-heading-inner-border\"><\/div><\/div><\/div><\/p><\/div><div class='flex_column av-iqe8n-25fb41f3c8d7a75299e4b18928ebcf65 av_one_fourth  avia-builder-el-9  el_after_av_one_fourth  el_before_av_one_fourth  flex_column_div '   ><p>\n<style type=\"text\/css\" data-created_by=\"avia_inline_auto\" id=\"style-css-av-fv0sf-9d7333fd9ec8667fb06fd25ea844a80f\">\n#top .hr.hr-invisible.av-fv0sf-9d7333fd9ec8667fb06fd25ea844a80f{\nheight:10px;\n}\n<\/style>\n<div  class='hr av-fv0sf-9d7333fd9ec8667fb06fd25ea844a80f hr-invisible  avia-builder-el-10  el_before_av_image  avia-builder-el-first '><span class='hr-inner '><span class=\"hr-inner-style\"><\/span><\/span><\/div><br \/>\n\n<style type=\"text\/css\" data-created_by=\"avia_inline_auto\" id=\"style-css-av-l31d35sj-ac2a5cc9c19f21f3715442745f19667d\">\n.avia-image-container.av-l31d35sj-ac2a5cc9c19f21f3715442745f19667d .av-image-caption-overlay-center{\ncolor:#ffffff;\n}\n<\/style>\n<div  class='avia-image-container av-l31d35sj-ac2a5cc9c19f21f3715442745f19667d av-styling-circle avia_animated_image avia_animate_when_almost_visible pop-up avia-align-center  avia-builder-el-11  el_after_av_hr  el_before_av_hr '  itemprop=\"image\" itemscope=\"itemscope\" itemtype=\"https:\/\/schema.org\/ImageObject\" ><div class=\"avia-image-container-inner\"><div class=\"avia-image-overlay-wrap\"><a href=\"https:\/\/42ria.itq.webs.upv.es\/pt-pt\/keynotes\/\" class='avia_image' ><img decoding=\"async\" width=\"142\" height=\"142\" class='wp-image-1439 avia-img-lazy-loading-not-1439 avia_image' src=\"https:\/\/42ria.itq.webs.upv.es\/wp-content\/uploads\/2022\/05\/Keynote.jpg\" alt='' title='Keynote'  itemprop=\"thumbnailUrl\" srcset=\"https:\/\/42ria.itq.webs.upv.es\/wp-content\/uploads\/2022\/05\/Keynote.jpg 142w, https:\/\/42ria.itq.webs.upv.es\/wp-content\/uploads\/2022\/05\/Keynote-80x80.jpg 80w, https:\/\/42ria.itq.webs.upv.es\/wp-content\/uploads\/2022\/05\/Keynote-36x36.jpg 36w\" sizes=\"(max-width: 142px) 100vw, 142px\" \/><\/a><\/div><\/div><\/div><br \/>\n\n<style type=\"text\/css\" data-created_by=\"avia_inline_auto\" id=\"style-css-av-81jav-b6c6318bf9dfa4739ce93dd0146b88ab\">\n#top .hr.hr-invisible.av-81jav-b6c6318bf9dfa4739ce93dd0146b88ab{\nheight:10px;\n}\n<\/style>\n<div  class='hr av-81jav-b6c6318bf9dfa4739ce93dd0146b88ab hr-invisible  avia-builder-el-12  el_after_av_image  el_before_av_heading '><span class='hr-inner '><span class=\"hr-inner-style\"><\/span><\/span><\/div><br \/>\n\n<style type=\"text\/css\" data-created_by=\"avia_inline_auto\" id=\"style-css-av-l31d2q7v-34fa48da64f90a06c952535b1ad60baa\">\n#top .av-special-heading.av-l31d2q7v-34fa48da64f90a06c952535b1ad60baa{\npadding-bottom:10px;\n}\nbody .av-special-heading.av-l31d2q7v-34fa48da64f90a06c952535b1ad60baa .av-special-heading-tag .heading-char{\nfont-size:25px;\n}\n.av-special-heading.av-l31d2q7v-34fa48da64f90a06c952535b1ad60baa .av-subheading{\nfont-size:15px;\n}\n<\/style>\n<div  class='av-special-heading av-l31d2q7v-34fa48da64f90a06c952535b1ad60baa av-special-heading-h3 blockquote modern-quote modern-centered  avia-builder-el-13  el_after_av_hr  avia-builder-el-last '><h3 class='av-special-heading-tag'  itemprop=\"headline\"  >Principais<\/h3><div class=\"special-heading-border\"><div class=\"special-heading-inner-border\"><\/div><\/div><\/div><\/p><\/div><div class='flex_column av-2wf4e7-64c433a53e43eaf61ce088ad0126f8b6 av_one_fourth  avia-builder-el-14  el_after_av_one_fourth  avia-builder-el-last  flex_column_div '   ><\/div><\/div><\/div><\/div><!-- close content main div --><\/div><\/div><div id='after_section_1'  class='main_color av_default_container_wrap container_wrap fullsize'  ><div class='container av-section-cont-open' ><div class='template-page content  av-content-full alpha units'><div class='post-entry post-entry-type-page post-entry-914'><div class='entry-content-wrapper clearfix'>\n<style type=\"text\/css\" data-created_by=\"avia_inline_auto\" id=\"style-css-av-7gquf-60180c314e81257b7f3b414b5c2dc72e\">\n#top .hr.hr-invisible.av-7gquf-60180c314e81257b7f3b414b5c2dc72e{\nheight:40px;\n}\n<\/style>\n<div  class='hr av-7gquf-60180c314e81257b7f3b414b5c2dc72e hr-invisible  avia-builder-el-15  el_after_av_section  avia-builder-el-no-sibling '><span class='hr-inner '><span class=\"hr-inner-style\"><\/span><\/span><\/div><\/p>\n","protected":false},"excerpt":{"rendered":"","protected":false},"author":2,"featured_media":0,"parent":0,"menu_order":0,"comment_status":"closed","ping_status":"closed","template":"","meta":{"footnotes":""},"class_list":["post-914","page","type-page","status-publish","hentry"],"_links":{"self":[{"href":"https:\/\/42ria.itq.webs.upv.es\/pt-pt\/wp-json\/wp\/v2\/pages\/914","targetHints":{"allow":["GET"]}}],"collection":[{"href":"https:\/\/42ria.itq.webs.upv.es\/pt-pt\/wp-json\/wp\/v2\/pages"}],"about":[{"href":"https:\/\/42ria.itq.webs.upv.es\/pt-pt\/wp-json\/wp\/v2\/types\/page"}],"author":[{"embeddable":true,"href":"https:\/\/42ria.itq.webs.upv.es\/pt-pt\/wp-json\/wp\/v2\/users\/2"}],"replies":[{"embeddable":true,"href":"https:\/\/42ria.itq.webs.upv.es\/pt-pt\/wp-json\/wp\/v2\/comments?post=914"}],"version-history":[{"count":16,"href":"https:\/\/42ria.itq.webs.upv.es\/pt-pt\/wp-json\/wp\/v2\/pages\/914\/revisions"}],"predecessor-version":[{"id":1523,"href":"https:\/\/42ria.itq.webs.upv.es\/pt-pt\/wp-json\/wp\/v2\/pages\/914\/revisions\/1523"}],"wp:attachment":[{"href":"https:\/\/42ria.itq.webs.upv.es\/pt-pt\/wp-json\/wp\/v2\/media?parent=914"}],"curies":[{"name":"wp","href":"https:\/\/api.w.org\/{rel}","templated":true}]}}