{"id":1482,"date":"2022-05-11T09:18:26","date_gmt":"2022-05-11T09:18:26","guid":{"rendered":"https:\/\/42ria.itq.webs.upv.es\/keynotes\/"},"modified":"2022-05-11T17:37:31","modified_gmt":"2022-05-11T17:37:31","slug":"keynotes","status":"publish","type":"page","link":"https:\/\/42ria.itq.webs.upv.es\/pt-pt\/keynotes\/","title":{"rendered":"Principais"},"content":{"rendered":"<div id='full_slider_1'  class='avia-fullwidth-slider main_color avia-shadow   avia-builder-el-0  el_before_av_heading  avia-builder-el-first   container_wrap fullsize'  ><div   data-size='featured'  data-lightbox_size='large'  data-animation='slide'  data-conditional_play=''  data-ids='1160'  data-video_counter='0'  data-autoplay='true'  data-bg_slider='false'  data-slide_height=''  data-handle='av_slideshow_full'  data-interval='10'  data-class=' '  data-el_id=''  data-css_id=''  data-scroll_down=''  data-control_layout='av-control-hidden'  data-custom_markup=''  data-perma_caption='aviaTBperma_caption'  data-autoplay_stopper=''  data-image_attachment=''  data-min_height='0px'  data-lazy_loading='disabled'  data-src=''  data-position='top left'  data-repeat='no-repeat'  data-attach='scroll'  data-stretch=''  data-img_scrset=''  data-default-height='28.666666666667'  class='avia-slideshow avia-slideshow-1  av-control-hidden av-default-height-applied avia-slideshow-featured av_slideshow_full   avia-slide-slider '  itemprop=\"image\" itemscope=\"itemscope\" itemtype=\"https:\/\/schema.org\/ImageObject\" ><ul class='avia-slideshow-inner ' style='padding-bottom: 28.666666666667%;' ><li  class=' av-single-slide slide-1 ' ><div data-rel='slideshow-1' class='avia-slide-wrap '   ><img decoding=\"async\" class=\"wp-image-1162 avia-img-lazy-loading-not-1162\"  src=\"https:\/\/42ria.itq.webs.upv.es\/wp-content\/uploads\/2022\/04\/BANNERIN-1500x430.jpg\" width=\"1500\" height=\"430\" title='BANNERIN' alt=''  itemprop=\"thumbnailUrl\" srcset=\"https:\/\/42ria.itq.webs.upv.es\/wp-content\/uploads\/2022\/04\/BANNERIN.jpg 1500w, https:\/\/42ria.itq.webs.upv.es\/wp-content\/uploads\/2022\/04\/BANNERIN-300x86.jpg 300w, https:\/\/42ria.itq.webs.upv.es\/wp-content\/uploads\/2022\/04\/BANNERIN-1030x295.jpg 1030w, https:\/\/42ria.itq.webs.upv.es\/wp-content\/uploads\/2022\/04\/BANNERIN-768x220.jpg 768w, https:\/\/42ria.itq.webs.upv.es\/wp-content\/uploads\/2022\/04\/BANNERIN-705x202.jpg 705w\" sizes=\"(max-width: 1500px) 100vw, 1500px\" \/><\/div><\/li><\/ul><div class = \"caption_fullwidth av-slideshow-caption caption_left\"><div class = \"container caption_container\"><div class = \"slideshow_caption\"><div class = \"slideshow_inner_caption\"><div class = \"slideshow_align_caption\"><h2  style='font-size:70px; ' class='avia-caption-title  '  itemprop=\"name\" >42 RIA<\/h2><div class='avia-caption-content  av_inherit_color'  itemprop=\"description\"   style='font-size:20px; '><p>Encontro Ib\u00e9rico de Adsor\u00e7\u00e3o<br \/>\n13 a 16 de setembro de 2022<\/p>\n<\/div><\/div><\/div><\/div><\/div><\/div><\/div><\/div><div id='after_full_slider_1'  class='main_color av_default_container_wrap container_wrap fullsize'  ><div class='container av-section-cont-open' ><div class='template-page content  av-content-full alpha units'><div class='post-entry post-entry-type-page post-entry-1482'><div class='entry-content-wrapper clearfix'>\n\n<style type=\"text\/css\" data-created_by=\"avia_inline_auto\" id=\"style-css-av-l1nsx1rd-58932c462b05eba33290cf21b1a77083\">\n#top .av-special-heading.av-l1nsx1rd-58932c462b05eba33290cf21b1a77083{\npadding-bottom:3px;\ncolor:#02a5f6;\nfont-size:30px;\n}\nbody .av-special-heading.av-l1nsx1rd-58932c462b05eba33290cf21b1a77083 .av-special-heading-tag .heading-char{\nfont-size:25px;\n}\n#top #wrap_all .av-special-heading.av-l1nsx1rd-58932c462b05eba33290cf21b1a77083 .av-special-heading-tag{\nfont-size:30px;\n}\n.av-special-heading.av-l1nsx1rd-58932c462b05eba33290cf21b1a77083 .special-heading-inner-border{\nborder-color:#02a5f6;\n}\n.av-special-heading.av-l1nsx1rd-58932c462b05eba33290cf21b1a77083 .av-subheading{\nfont-size:15px;\n}\n<\/style>\n<div  class='av-special-heading av-l1nsx1rd-58932c462b05eba33290cf21b1a77083 av-special-heading-h3 custom-color-heading blockquote modern-quote  avia-builder-el-1  el_after_av_slideshow_full  el_before_av_hr  avia-builder-el-first  av-inherit-size'><h3 class='av-special-heading-tag'  itemprop=\"headline\"  >Palestras Principais<\/h3><div class=\"special-heading-border\"><div class=\"special-heading-inner-border\"><\/div><\/div><\/div>\n\n<style type=\"text\/css\" data-created_by=\"avia_inline_auto\" id=\"style-css-av-l31bd8vo-d5605ca803eed99099f9b79735b814ce\">\n#top .hr.hr-invisible.av-l31bd8vo-d5605ca803eed99099f9b79735b814ce{\nheight:40px;\n}\n<\/style>\n<div  class='hr av-l31bd8vo-d5605ca803eed99099f9b79735b814ce hr-invisible  avia-builder-el-2  el_after_av_heading  el_before_av_section  avia-builder-el-last '><span class='hr-inner '><span class=\"hr-inner-style\"><\/span><\/span><\/div>\n<\/div><\/div><\/div><!-- close content main div --><\/div><\/div><div id='av_section_1'  class='avia-section av-3a7a9z-e768b0ec071e776341e74fbe9edea1f6 main_color avia-section-default avia-no-border-styling  avia-builder-el-3  el_after_av_hr  el_before_av_section  avia-bg-style-scroll container_wrap fullsize'  ><div class='container av-section-cont-open' ><div class='template-page content  av-content-full alpha units'><div class='post-entry post-entry-type-page post-entry-1482'><div class='entry-content-wrapper clearfix'>\n<div class='flex_column av-a5k6n-3891ae26db9d691dd628480254ad9d11 av_one_fourth  avia-builder-el-4  el_before_av_three_fourth  avia-builder-el-first  first flex_column_div '   ><p>\n<style type=\"text\/css\" data-created_by=\"avia_inline_auto\" id=\"style-css-av-l31cfko2-bf0ee8817960e21377050fc7586c7a4e\">\n#top .hr.hr-invisible.av-l31cfko2-bf0ee8817960e21377050fc7586c7a4e{\nheight:10px;\n}\n<\/style>\n<div  class='hr av-l31cfko2-bf0ee8817960e21377050fc7586c7a4e hr-invisible  avia-builder-el-5  el_before_av_image  avia-builder-el-first '><span class='hr-inner '><span class=\"hr-inner-style\"><\/span><\/span><\/div><br \/>\n\n<style type=\"text\/css\" data-created_by=\"avia_inline_auto\" id=\"style-css-av-l31bm5wb-1988ceb2c4681ce691e03369d1993e19\">\n.avia-image-container.av-l31bm5wb-1988ceb2c4681ce691e03369d1993e19 .av-image-caption-overlay-center{\ncolor:#ffffff;\n}\n<\/style>\n<div  class='avia-image-container av-l31bm5wb-1988ceb2c4681ce691e03369d1993e19 av-styling-circle av-hover-grow avia_animated_image avia_animate_when_almost_visible pop-up avia-align-left  avia-builder-el-6  el_after_av_hr  el_before_av_hr '  itemprop=\"image\" itemscope=\"itemscope\" itemtype=\"https:\/\/schema.org\/ImageObject\" ><div class=\"avia-image-container-inner\"><div class=\"avia-image-overlay-wrap\"><img decoding=\"async\" class='wp-image-1456 avia-img-lazy-loading-not-1456 avia_image' src=\"https:\/\/42ria.itq.webs.upv.es\/wp-content\/uploads\/2022\/05\/joaquin.jpg\" alt='' title='joaquin'  height=\"142\" width=\"142\"  itemprop=\"thumbnailUrl\" srcset=\"https:\/\/42ria.itq.webs.upv.es\/wp-content\/uploads\/2022\/05\/joaquin.jpg 142w, https:\/\/42ria.itq.webs.upv.es\/wp-content\/uploads\/2022\/05\/joaquin-80x80.jpg 80w, https:\/\/42ria.itq.webs.upv.es\/wp-content\/uploads\/2022\/05\/joaquin-36x36.jpg 36w\" sizes=\"(max-width: 142px) 100vw, 142px\" \/><\/div><\/div><\/div><br \/>\n\n<style type=\"text\/css\" data-created_by=\"avia_inline_auto\" id=\"style-css-av-nobbz-f301b0ec34c63e2baf7358e3d636208d\">\n#top .hr.hr-invisible.av-nobbz-f301b0ec34c63e2baf7358e3d636208d{\nheight:10px;\n}\n<\/style>\n<div  class='hr av-nobbz-f301b0ec34c63e2baf7358e3d636208d hr-invisible  avia-builder-el-7  el_after_av_image  el_before_av_heading '><span class='hr-inner '><span class=\"hr-inner-style\"><\/span><\/span><\/div><br \/>\n\n<style type=\"text\/css\" data-created_by=\"avia_inline_auto\" id=\"style-css-av-l31b65ev-acf7f5a34627132c7a1bd1f9ddaa7e90\">\n#top .av-special-heading.av-l31b65ev-acf7f5a34627132c7a1bd1f9ddaa7e90{\npadding-bottom:10px;\n}\nbody .av-special-heading.av-l31b65ev-acf7f5a34627132c7a1bd1f9ddaa7e90 .av-special-heading-tag .heading-char{\nfont-size:25px;\n}\n.av-special-heading.av-l31b65ev-acf7f5a34627132c7a1bd1f9ddaa7e90 .av-subheading{\nfont-size:15px;\n}\n<\/style>\n<div  class='av-special-heading av-l31b65ev-acf7f5a34627132c7a1bd1f9ddaa7e90 av-special-heading-h3 blockquote modern-quote  avia-builder-el-8  el_after_av_hr  avia-builder-el-last '><h3 class='av-special-heading-tag'  itemprop=\"headline\"  > Joaqu\u00edn Silvestre <\/h3><div class='av-subheading av-subheading_below'><p>Universidad de Alicante<\/p>\n<\/div><div class=\"special-heading-border\"><div class=\"special-heading-inner-border\"><\/div><\/div><\/div><\/p><\/div><div class='flex_column av-12rgkn-6955b763c72cf6ce8bf57b71a5f4f9b9 av_three_fourth  avia-builder-el-9  el_after_av_one_fourth  avia-builder-el-last  flex_column_div '   ><section  class='av_textblock_section av-l31b4agk-cd5f151d1eb1fd9c7f32346f7b3b46e3'  itemscope=\"itemscope\" itemtype=\"https:\/\/schema.org\/CreativeWork\" ><div class='avia_textblock'  itemprop=\"text\" ><p style=\"text-align: justify;\">Prof. Dr. Joaqu\u00edn Silvestre-Albero recibi\u00f3 su Titulo de Licenciado en Qu\u00edmica en el a\u00f1o 1998 por la Universidad de Alicante. A continuaci\u00f3n realiz\u00f3 estudios de Doctorado en la citada universidad en el \u00e1rea de &#8220;Materiales Porosos&#8221;, consiguiendo el t\u00edtulo de Doctor en Qu\u00edmica en el a\u00f1o 2003. A continuaci\u00f3n curso estudios post-doctorales en el Instituto de Tecnolog\u00eda Qu\u00edmica de Valencia bajo la direcci\u00f3n del Prof. Avelino Corma y, posteriormente, en el Instituto Fritz-Haber de Berl\u00edn bajo la direcci\u00f3n del Prof. Hans-Joachim Freund. Actualmente es Catedr\u00e1tico de Qu\u00edmica Inorg\u00e1nica en la Universidad de Alicante. Desde el punto de vista cient\u00edfico, el Prof. Silvestre-Albero tiene m\u00e1s de 170 publicaciones en revistas internacionales de alto \u00edndice de impacto con un \u00edndice h=45. Actualmente es coordinador de varios proyectos tanto nacionales como internacionales. Su \u00e1rea de investigaci\u00f3n engloba el dise\u00f1o y caracterizaci\u00f3n de s\u00f3lidos porosos y su aplicaci\u00f3n en procesos de adsorci\u00f3n, separaci\u00f3n de gases, fotocat\u00e1lisis y nanomedicina. Dentro de los materiales con porosidad dise\u00f1ada, el Prof. Silvestre-Albero se ha especializado en materiales de carb\u00f3n activado y materiales metal-org\u00e1nicos (MOFs), con especial inter\u00e9s en aprovechar los efectos estructurales (p.ej. procesos de respiraci\u00f3n) y de confinamiento para promover procesos qu\u00edmicos impedidos cin\u00e9ticamente en condiciones normales de presi\u00f3n y temperatura (p.ej. crecimiento de cristales confinados).<\/p>\n<\/div><\/section><\/div>\n\n<\/div><\/div><\/div><!-- close content main div --><\/div><\/div>\n<style type=\"text\/css\" data-created_by=\"avia_inline_auto\" id=\"style-css-av-33z6dj-1abbf96056d39d7d75208f352fcbbda4\">\n.avia-section.av-33z6dj-1abbf96056d39d7d75208f352fcbbda4{\nbackground-color:#d0d9e8;\n}\n<\/style>\n<div id='av_section_2'  class='avia-section av-33z6dj-1abbf96056d39d7d75208f352fcbbda4 main_color avia-section-default avia-no-border-styling  avia-builder-el-11  el_after_av_section  el_before_av_section  avia-bg-style-scroll container_wrap fullsize'  ><div class='container av-section-cont-open' ><div class='template-page content  av-content-full alpha units'><div class='post-entry post-entry-type-page post-entry-1482'><div class='entry-content-wrapper clearfix'>\n<div class='flex_column av-cujozm-fffc23cb5da784611f7537e046fb03ee av_one_fourth  avia-builder-el-12  el_before_av_three_fourth  avia-builder-el-first  first flex_column_div '   ><p>\n<style type=\"text\/css\" data-created_by=\"avia_inline_auto\" id=\"style-css-av-adrbjm-2d01f993cecc6484de6ed7dff90c31ab\">\n#top .hr.hr-invisible.av-adrbjm-2d01f993cecc6484de6ed7dff90c31ab{\nheight:10px;\n}\n<\/style>\n<div  class='hr av-adrbjm-2d01f993cecc6484de6ed7dff90c31ab hr-invisible  avia-builder-el-13  el_before_av_image  avia-builder-el-first '><span class='hr-inner '><span class=\"hr-inner-style\"><\/span><\/span><\/div><br \/>\n\n<style type=\"text\/css\" data-created_by=\"avia_inline_auto\" id=\"style-css-av-vrxo2-2128364998de7876af0a3775759048b1\">\n.avia-image-container.av-vrxo2-2128364998de7876af0a3775759048b1 .av-image-caption-overlay-center{\ncolor:#ffffff;\n}\n<\/style>\n<div  class='avia-image-container av-vrxo2-2128364998de7876af0a3775759048b1 av-styling-circle av-hover-grow avia_animated_image avia_animate_when_almost_visible pop-up avia-align-left  avia-builder-el-14  el_after_av_hr  el_before_av_hr '  itemprop=\"image\" itemscope=\"itemscope\" itemtype=\"https:\/\/schema.org\/ImageObject\" ><div class=\"avia-image-container-inner\"><div class=\"avia-image-overlay-wrap\"><img decoding=\"async\" class='wp-image-1448 avia-img-lazy-loading-not-1448 avia_image' src=\"https:\/\/42ria.itq.webs.upv.es\/wp-content\/uploads\/2022\/05\/keynote1.jpg\" alt='' title='keynote1'  height=\"142\" width=\"142\"  itemprop=\"thumbnailUrl\" srcset=\"https:\/\/42ria.itq.webs.upv.es\/wp-content\/uploads\/2022\/05\/keynote1.jpg 142w, https:\/\/42ria.itq.webs.upv.es\/wp-content\/uploads\/2022\/05\/keynote1-80x80.jpg 80w, https:\/\/42ria.itq.webs.upv.es\/wp-content\/uploads\/2022\/05\/keynote1-36x36.jpg 36w\" sizes=\"(max-width: 142px) 100vw, 142px\" \/><\/div><\/div><\/div><br \/>\n\n<style type=\"text\/css\" data-created_by=\"avia_inline_auto\" id=\"style-css-av-6t2ouq-85475e80876f968cbe537962c3861b9f\">\n#top .hr.hr-invisible.av-6t2ouq-85475e80876f968cbe537962c3861b9f{\nheight:10px;\n}\n<\/style>\n<div  class='hr av-6t2ouq-85475e80876f968cbe537962c3861b9f hr-invisible  avia-builder-el-15  el_after_av_image  el_before_av_heading '><span class='hr-inner '><span class=\"hr-inner-style\"><\/span><\/span><\/div><br \/>\n\n<style type=\"text\/css\" data-created_by=\"avia_inline_auto\" id=\"style-css-av-5v31xe-36a4c120dd55bb9dbf0a42186f4b034c\">\n#top .av-special-heading.av-5v31xe-36a4c120dd55bb9dbf0a42186f4b034c{\npadding-bottom:10px;\n}\nbody .av-special-heading.av-5v31xe-36a4c120dd55bb9dbf0a42186f4b034c .av-special-heading-tag .heading-char{\nfont-size:25px;\n}\n.av-special-heading.av-5v31xe-36a4c120dd55bb9dbf0a42186f4b034c .av-subheading{\nfont-size:15px;\n}\n<\/style>\n<div  class='av-special-heading av-5v31xe-36a4c120dd55bb9dbf0a42186f4b034c av-special-heading-h3 blockquote modern-quote  avia-builder-el-16  el_after_av_hr  avia-builder-el-last '><h3 class='av-special-heading-tag'  itemprop=\"headline\"  >Ana Sofia Mestre<\/h3><div class='av-subheading av-subheading_below'><p>Faculdade de Ci\u00eancias da Universidade de Lisboa<\/p>\n<\/div><div class=\"special-heading-border\"><div class=\"special-heading-inner-border\"><\/div><\/div><\/div><\/p><\/div><div class='flex_column av-3uadsi-74f27e62e78484edf006a654ad64e6e5 av_three_fourth  avia-builder-el-17  el_after_av_one_fourth  avia-builder-el-last  flex_column_div '   ><section  class='av_textblock_section av-359j8i-32d1a2ea8eb00f180f923d1a8cce7e31'  itemscope=\"itemscope\" itemtype=\"https:\/\/schema.org\/CreativeWork\" ><div class='avia_textblock'  itemprop=\"text\" ><p style=\"text-align: justify;\">Ana Sofia Mestre (ASM), received her degree in Chemistry (2003) from the Faculty of Sciences of Lisbon University (FCUL) and completed her PhD in Technological Chemistry in 2010 from the same institution. Currently she is an Assistant Researcher at FCUL and principal investigator of EMPOWER+ project. Her work has been mainly focused on the development of carbon materials exploring renewable resources and synthesis routes. The materials have been tested for the removal of pharmaceutical compounds, aiming to identify the property\/performance relations. From 2016 to 2019 ASM integrated the team of LIFE Impetus project distinguished with the PT Global Water Award 2019 in I+D+I due to the results with high &#8220;Technology Readiness Levels&#8221; and the Wex 2019 Global Award for \u201cInnovation in Technology\u201d for the environmental-friendly production of novel activated carbons from pine nut residues and their application for enhanced removal of pharmaceutical compounds in urban wastewater treatment plants. ASM has 41 publications in international indexed peer-reviewed journals with and H factor of 24, 4 book chapters, 3 invited keynotes, 48 oral communications and more than 100 posters.<\/p>\n<\/div><\/section><\/div>\n\n<\/div><\/div><\/div><!-- close content main div --><\/div><\/div><div id='av_section_3'  class='avia-section av-2ahzfz-8b43642b0e96f0e22712f6d695bccb4d main_color avia-section-default avia-no-border-styling  avia-builder-el-19  el_after_av_section  el_before_av_hr  avia-bg-style-scroll container_wrap fullsize'  ><div class='container av-section-cont-open' ><div class='template-page content  av-content-full alpha units'><div class='post-entry post-entry-type-page post-entry-1482'><div class='entry-content-wrapper clearfix'>\n<div class='flex_column av-22lipb-64c811fb6f7728ad3892e32430486ae0 av_one_fourth  avia-builder-el-20  el_before_av_three_fourth  avia-builder-el-first  first flex_column_div '   ><p>\n<style type=\"text\/css\" data-created_by=\"avia_inline_auto\" id=\"style-css-av-1ugly7-2977f3e465c0b24739befa0815aae75a\">\n#top .hr.hr-invisible.av-1ugly7-2977f3e465c0b24739befa0815aae75a{\nheight:20px;\n}\n<\/style>\n<div  class='hr av-1ugly7-2977f3e465c0b24739befa0815aae75a hr-invisible  avia-builder-el-21  el_before_av_image  avia-builder-el-first '><span class='hr-inner '><span class=\"hr-inner-style\"><\/span><\/span><\/div><br \/>\n\n<style type=\"text\/css\" data-created_by=\"avia_inline_auto\" id=\"style-css-av-1r849z-c7cc450e846811529d30ef8bed5d4ba0\">\n.avia-image-container.av-1r849z-c7cc450e846811529d30ef8bed5d4ba0 .av-image-caption-overlay-center{\ncolor:#ffffff;\n}\n<\/style>\n<div  class='avia-image-container av-1r849z-c7cc450e846811529d30ef8bed5d4ba0 av-styling-circle av-hover-grow avia_animated_image avia_animate_when_almost_visible pop-up avia-align-left  avia-builder-el-22  el_after_av_hr  el_before_av_hr '  itemprop=\"image\" itemscope=\"itemscope\" itemtype=\"https:\/\/schema.org\/ImageObject\" ><div class=\"avia-image-container-inner\"><div class=\"avia-image-overlay-wrap\"><img decoding=\"async\" class='wp-image-1459 avia-img-lazy-loading-not-1459 avia_image' src=\"https:\/\/42ria.itq.webs.upv.es\/wp-content\/uploads\/2022\/05\/Carlos.jpg\" alt='' title='Carlos'  height=\"142\" width=\"142\"  itemprop=\"thumbnailUrl\" srcset=\"https:\/\/42ria.itq.webs.upv.es\/wp-content\/uploads\/2022\/05\/Carlos.jpg 142w, https:\/\/42ria.itq.webs.upv.es\/wp-content\/uploads\/2022\/05\/Carlos-80x80.jpg 80w, https:\/\/42ria.itq.webs.upv.es\/wp-content\/uploads\/2022\/05\/Carlos-36x36.jpg 36w\" sizes=\"(max-width: 142px) 100vw, 142px\" \/><\/div><\/div><\/div><br \/>\n\n<style type=\"text\/css\" data-created_by=\"avia_inline_auto\" id=\"style-css-av-8l4jr-97ceffb64d5c565834561894ebbcf617\">\n#top .hr.hr-invisible.av-8l4jr-97ceffb64d5c565834561894ebbcf617{\nheight:20px;\n}\n<\/style>\n<div  class='hr av-8l4jr-97ceffb64d5c565834561894ebbcf617 hr-invisible  avia-builder-el-23  el_after_av_image  el_before_av_heading '><span class='hr-inner '><span class=\"hr-inner-style\"><\/span><\/span><\/div><br \/>\n\n<style type=\"text\/css\" data-created_by=\"avia_inline_auto\" id=\"style-css-av-l31ba8hd-ae9660e632fa1f1bdc997eed61103495\">\n#top .av-special-heading.av-l31ba8hd-ae9660e632fa1f1bdc997eed61103495{\npadding-bottom:10px;\n}\nbody .av-special-heading.av-l31ba8hd-ae9660e632fa1f1bdc997eed61103495 .av-special-heading-tag .heading-char{\nfont-size:25px;\n}\n.av-special-heading.av-l31ba8hd-ae9660e632fa1f1bdc997eed61103495 .av-subheading{\nfont-size:15px;\n}\n<\/style>\n<div  class='av-special-heading av-l31ba8hd-ae9660e632fa1f1bdc997eed61103495 av-special-heading-h3 blockquote modern-quote  avia-builder-el-24  el_after_av_hr  avia-builder-el-last '><h3 class='av-special-heading-tag'  itemprop=\"headline\"  >Carlos Grande <\/h3><div class='av-subheading av-subheading_below'><p>King Abdullah University of Science and Technology (KAUST), Saudi Arabia<\/p>\n<\/div><div class=\"special-heading-border\"><div class=\"special-heading-inner-border\"><\/div><\/div><\/div><\/p><\/div><div class='flex_column av-1kyrmf-a23d45cba8919f52907404e0ad2c3bda av_three_fourth  avia-builder-el-25  el_after_av_one_fourth  avia-builder-el-last  flex_column_div '   ><section  class='av_textblock_section av-1g8o5z-12584ed4a1f773fca0decea345b7840e'  itemscope=\"itemscope\" itemtype=\"https:\/\/schema.org\/CreativeWork\" ><div class='avia_textblock'  itemprop=\"text\" ><p style=\"text-align: justify;\">Carlos Grande is an Associate Professor in KAUST since September 2021. He is affiliated to the AMPM and KCC centers. Before joining KAUST, he was working in as Senior Scientist in SINTEF Industry in Oslo (Norway) for 10 years. He has a PhD from Porto University in Portugal (2005) where he also worked for 5 years as a Research Assistant. He graduated as Chemical Engineer in South University in Argentina (1998). He works with process intensification applied to separation and reaction processes with strong focus on adsorption and novel manufacturing techniques like 3D printing. He has over 100 publications in international journals (h-index = 44) and 7 patent applications.<\/p>\n<\/div><\/section><\/div><\/div><\/div><\/div><!-- close content main div --><\/div><\/div><div id='after_section_3'  class='main_color av_default_container_wrap container_wrap fullsize'  ><div class='container av-section-cont-open' ><div class='template-page content  av-content-full alpha units'><div class='post-entry post-entry-type-page post-entry-1482'><div class='entry-content-wrapper clearfix'>\n<style type=\"text\/css\" data-created_by=\"avia_inline_auto\" id=\"style-css-av-7gquf-60180c314e81257b7f3b414b5c2dc72e\">\n#top .hr.hr-invisible.av-7gquf-60180c314e81257b7f3b414b5c2dc72e{\nheight:40px;\n}\n<\/style>\n<div  class='hr av-7gquf-60180c314e81257b7f3b414b5c2dc72e hr-invisible  avia-builder-el-27  el_after_av_section  avia-builder-el-no-sibling '><span class='hr-inner '><span class=\"hr-inner-style\"><\/span><\/span><\/div><\/p>\n","protected":false},"excerpt":{"rendered":"","protected":false},"author":2,"featured_media":0,"parent":0,"menu_order":0,"comment_status":"closed","ping_status":"closed","template":"","meta":{"footnotes":""},"class_list":["post-1482","page","type-page","status-publish","hentry"],"_links":{"self":[{"href":"https:\/\/42ria.itq.webs.upv.es\/pt-pt\/wp-json\/wp\/v2\/pages\/1482","targetHints":{"allow":["GET"]}}],"collection":[{"href":"https:\/\/42ria.itq.webs.upv.es\/pt-pt\/wp-json\/wp\/v2\/pages"}],"about":[{"href":"https:\/\/42ria.itq.webs.upv.es\/pt-pt\/wp-json\/wp\/v2\/types\/page"}],"author":[{"embeddable":true,"href":"https:\/\/42ria.itq.webs.upv.es\/pt-pt\/wp-json\/wp\/v2\/users\/2"}],"replies":[{"embeddable":true,"href":"https:\/\/42ria.itq.webs.upv.es\/pt-pt\/wp-json\/wp\/v2\/comments?post=1482"}],"version-history":[{"count":11,"href":"https:\/\/42ria.itq.webs.upv.es\/pt-pt\/wp-json\/wp\/v2\/pages\/1482\/revisions"}],"predecessor-version":[{"id":1516,"href":"https:\/\/42ria.itq.webs.upv.es\/pt-pt\/wp-json\/wp\/v2\/pages\/1482\/revisions\/1516"}],"wp:attachment":[{"href":"https:\/\/42ria.itq.webs.upv.es\/pt-pt\/wp-json\/wp\/v2\/media?parent=1482"}],"curies":[{"name":"wp","href":"https:\/\/api.w.org\/{rel}","templated":true}]}}