{"id":752,"date":"2022-03-25T10:06:40","date_gmt":"2022-03-25T10:06:40","guid":{"rendered":"https:\/\/42ria.itq.webs.upv.es\/committees\/"},"modified":"2022-04-12T10:48:31","modified_gmt":"2022-04-12T10:48:31","slug":"committees","status":"publish","type":"page","link":"https:\/\/42ria.itq.webs.upv.es\/en\/committees\/","title":{"rendered":"COMMITTEES"},"content":{"rendered":"<div id='full_slider_1'  class='avia-fullwidth-slider main_color avia-shadow   avia-builder-el-0  el_before_av_section  avia-builder-el-first   container_wrap fullsize'  ><div   data-size='featured'  data-lightbox_size='large'  data-animation='slide'  data-conditional_play=''  data-ids='1160'  data-video_counter='0'  data-autoplay='true'  data-bg_slider='false'  data-slide_height=''  data-handle='av_slideshow_full'  data-interval='10'  data-class=' '  data-el_id=''  data-css_id=''  data-scroll_down=''  data-control_layout='av-control-hidden'  data-custom_markup=''  data-perma_caption='aviaTBperma_caption'  data-autoplay_stopper=''  data-image_attachment=''  data-min_height='0px'  data-lazy_loading='disabled'  data-src=''  data-position='top left'  data-repeat='no-repeat'  data-attach='scroll'  data-stretch=''  data-img_scrset=''  data-default-height='28.666666666667'  class='avia-slideshow avia-slideshow-1  av-control-hidden av-default-height-applied avia-slideshow-featured av_slideshow_full   avia-slide-slider '  itemprop=\"image\" itemscope=\"itemscope\" itemtype=\"https:\/\/schema.org\/ImageObject\" ><ul class='avia-slideshow-inner ' style='padding-bottom: 28.666666666667%;' ><li  class=' av-single-slide slide-1 ' ><div data-rel='slideshow-1' class='avia-slide-wrap '   ><img decoding=\"async\" class=\"wp-image-1161 avia-img-lazy-loading-not-1161\"  src=\"https:\/\/42ria.itq.webs.upv.es\/wp-content\/uploads\/2022\/04\/BANNERIN-1500x430.jpg\" width=\"1500\" height=\"430\" title='BANNERIN' alt=''  itemprop=\"thumbnailUrl\" srcset=\"https:\/\/42ria.itq.webs.upv.es\/wp-content\/uploads\/2022\/04\/BANNERIN.jpg 1500w, https:\/\/42ria.itq.webs.upv.es\/wp-content\/uploads\/2022\/04\/BANNERIN-300x86.jpg 300w, https:\/\/42ria.itq.webs.upv.es\/wp-content\/uploads\/2022\/04\/BANNERIN-1030x295.jpg 1030w, https:\/\/42ria.itq.webs.upv.es\/wp-content\/uploads\/2022\/04\/BANNERIN-768x220.jpg 768w, https:\/\/42ria.itq.webs.upv.es\/wp-content\/uploads\/2022\/04\/BANNERIN-705x202.jpg 705w\" sizes=\"(max-width: 1500px) 100vw, 1500px\" \/><\/div><\/li><\/ul><div class = \"caption_fullwidth av-slideshow-caption caption_left\"><div class = \"container caption_container\"><div class = \"slideshow_caption\"><div class = \"slideshow_inner_caption\"><div class = \"slideshow_align_caption\"><h2  style='font-size:70px; ' class='avia-caption-title  '  itemprop=\"name\" >42 RIA<\/h2><div class='avia-caption-content  av_inherit_color'  itemprop=\"description\"   style='font-size:20px; '><p>Iberian Adsorption Meeting<br \/>\nSeptember 13 to 16, 2022<\/p>\n<\/div><\/div><\/div><\/div><\/div><\/div><\/div><\/div>\n<div id='av_section_1'  class='avia-section av-xzd2g-92ee6c690668cb2a7e052327ca78ae50 main_color avia-section-default avia-no-border-styling  avia-builder-el-1  el_after_av_slideshow_full  avia-builder-el-last  avia-bg-style-scroll container_wrap fullsize'  ><div class='container av-section-cont-open' ><div class='template-page content  av-content-full alpha units'><div class='post-entry post-entry-type-page post-entry-752'><div class='entry-content-wrapper clearfix'>\n\n<style type=\"text\/css\" data-created_by=\"avia_inline_auto\" id=\"style-css-av-l1byz2yi-2e64794cc3500ed7f48639a524486cac\">\n#top .av-special-heading.av-l1byz2yi-2e64794cc3500ed7f48639a524486cac{\npadding-bottom:10px;\ncolor:#02a5f6;\nfont-size:30px;\n}\nbody .av-special-heading.av-l1byz2yi-2e64794cc3500ed7f48639a524486cac .av-special-heading-tag .heading-char{\nfont-size:25px;\n}\n#top #wrap_all .av-special-heading.av-l1byz2yi-2e64794cc3500ed7f48639a524486cac .av-special-heading-tag{\nfont-size:30px;\n}\n.av-special-heading.av-l1byz2yi-2e64794cc3500ed7f48639a524486cac .special-heading-inner-border{\nborder-color:#02a5f6;\n}\n.av-special-heading.av-l1byz2yi-2e64794cc3500ed7f48639a524486cac .av-subheading{\nfont-size:15px;\n}\n<\/style>\n<div  class='av-special-heading av-l1byz2yi-2e64794cc3500ed7f48639a524486cac av-special-heading-h5 custom-color-heading blockquote modern-quote  avia-builder-el-2  el_before_av_hr  avia-builder-el-first  av-inherit-size'><h5 class='av-special-heading-tag'  itemprop=\"headline\"  >Local Committee<\/h5><div class=\"special-heading-border\"><div class=\"special-heading-inner-border\"><\/div><\/div><\/div>\n<div  class='hr av-esfm0-2b3760016b3216d3d92e4dc7c8484eee hr-default  avia-builder-el-3  el_after_av_heading  el_before_av_one_half '><span class='hr-inner '><span class=\"hr-inner-style\"><\/span><\/span><\/div>\n<div class='flex_column av-kwmb4-f953d32cfdb3d081ae03bd7359dc9eb5 av_one_half  avia-builder-el-4  el_after_av_hr  el_before_av_heading  first flex_column_div '   ><section  class='av_textblock_section av-9ni7c-3c558177c6aeb5fb847280cc28d53c7c'  itemscope=\"itemscope\" itemtype=\"https:\/\/schema.org\/CreativeWork\" ><div class='avia_textblock'  itemprop=\"text\" ><ul>\n<li>\n<h4>Susana Valencia<\/h4>\n<\/li>\n<li>\n<h4>Fernando Rey<\/h4>\n<\/li>\n<li>\n<h4>Miguel Palomino<\/h4>\n<\/li>\n<li>\n<h4>Eduardo Andr\u00e9s<\/h4>\n<\/li>\n<li>\n<h4>Teresa Blasco<\/h4>\n<\/li>\n<li>\n<h4>Alberto Barros<\/h4>\n<\/li>\n<li>\n<h4>Inmaculada Garc\u00eda (Secretar\u00eda T\u00e9cnica)<\/h4>\n<\/li>\n<\/ul>\n<\/div><\/section><\/div>\n<style type=\"text\/css\" data-created_by=\"avia_inline_auto\" id=\"style-css-av-l1bz0hl1-cd92d8496abbbe21792db0bdaade4ba1\">\n#top .av-special-heading.av-l1bz0hl1-cd92d8496abbbe21792db0bdaade4ba1{\npadding-bottom:10px;\ncolor:#02a5f6;\nfont-size:30px;\n}\nbody .av-special-heading.av-l1bz0hl1-cd92d8496abbbe21792db0bdaade4ba1 .av-special-heading-tag .heading-char{\nfont-size:25px;\n}\n#top #wrap_all .av-special-heading.av-l1bz0hl1-cd92d8496abbbe21792db0bdaade4ba1 .av-special-heading-tag{\nfont-size:30px;\n}\n.av-special-heading.av-l1bz0hl1-cd92d8496abbbe21792db0bdaade4ba1 .special-heading-inner-border{\nborder-color:#02a5f6;\n}\n.av-special-heading.av-l1bz0hl1-cd92d8496abbbe21792db0bdaade4ba1 .av-subheading{\nfont-size:15px;\n}\n<\/style>\n<div  class='av-special-heading av-l1bz0hl1-cd92d8496abbbe21792db0bdaade4ba1 av-special-heading-h5 custom-color-heading blockquote modern-quote  avia-builder-el-6  el_after_av_one_half  el_before_av_hr  av-inherit-size'><h5 class='av-special-heading-tag'  itemprop=\"headline\"  >Scientific Committee<\/h5><div class=\"special-heading-border\"><div class=\"special-heading-inner-border\"><\/div><\/div><\/div>\n<div  class='hr av-791js-aed0fb40c6fbd5bdf0c16c2fc6cf36a9 hr-default  avia-builder-el-7  el_after_av_heading  el_before_av_two_fifth '><span class='hr-inner '><span class=\"hr-inner-style\"><\/span><\/span><\/div>\n<div class='flex_column av-bv368-d58a8b8c011117455714ffa1245ebaba av_two_fifth  avia-builder-el-8  el_after_av_hr  el_before_av_one_half  first flex_column_div '   ><section  class='av_textblock_section av-l1bz18c1-ed4c0293e42bfffe183babec0a7d37b6'  itemscope=\"itemscope\" itemtype=\"https:\/\/schema.org\/CreativeWork\" ><div class='avia_textblock'  itemprop=\"text\" ><ul>\n<li>Miguel Angel \u00c1lvarez Merino (Univ. Ja\u00e9n)<\/li>\n<li>Conchi Ania (CNRS Orleans, Francia)<\/li>\n<li>Ana Arenillas (INCAR CSIC, Oviedo)<\/li>\n<li>Diana Azevedo (UFC, Brasil)<\/li>\n<li>Carmen Blanco (Univ. Cantabria)<\/li>\n<li>Sofia Calero (Tech. Univ. Eindoven)<\/li>\n<li>Francisco Carrasco (Univ. Granada)<\/li>\n<li>Ana Paula Carvalho (Univ. Lisboa)<\/li>\n<li>Eduardo Cuerda Corrrea (Univ. Extremadura)<\/li>\n<li>Alexandre Ferreira (Univ. Porto)<\/li>\n<li>Rub\u00e9n Garc\u00eda Men\u00e9ndez (Univ. Oviedo)<\/li>\n<li>Juli\u00e1n Garrido (Univ. P\u00fablica Navarra)<\/li>\n<li>Jorge Gasc\u00f3n (KAUST, Arabia Saudi)<\/li>\n<\/ul>\n<\/div><\/section><\/div><div class='flex_column av-8nayo-7238b71918ef34720f82b5a3e555ac56 av_one_half  avia-builder-el-10  el_after_av_two_fifth  avia-builder-el-last  flex_column_div '   ><section  class='av_textblock_section av-l1nc3vpa-f5052bfec3243ba4c9c71dadeced259e'  itemscope=\"itemscope\" itemtype=\"https:\/\/schema.org\/CreativeWork\" ><div class='avia_textblock'  itemprop=\"text\" ><ul>\n<li>Carlos Grande (KAUST, Arabia Saudi)<\/li>\n<li>Ana Sofia Mestre (Univ. Lisboa)<\/li>\n<li>Jose Bernardo Parra (retirado, antes INCAR CSIC, Oviedo)<\/li>\n<li>Eduardo P\u00e9rez Botella (Vrije Univ. Brussels)<\/li>\n<li>Manuel P\u00e9rez Mendoza (Univ. Granada)<\/li>\n<li>Carmen Pesquera (Univ. Cantabria)<\/li>\n<li>Joao Pires (Univ. Lisboa)<\/li>\n<li>Manuela Ribeiro Carrott (Univ. Evora)<\/li>\n<li>Alirio Rodrigues (Univ. Porto)<\/li>\n<li>Enrique Rodr\u00edguez Castell\u00f3n (Univ. M\u00e1laga)<\/li>\n<li>Karim Sapag (Univ. Nacional de San Luis, Argentina)<\/li>\n<li>Joaquin Silvestre (Univ. Alicante)<\/li>\n<li>Teresa Vald\u00e9s-Solis (INCAR CSIC, Oviedo)<\/li>\n<\/ul>\n<\/div><\/section><\/div>\n","protected":false},"excerpt":{"rendered":"","protected":false},"author":2,"featured_media":0,"parent":0,"menu_order":0,"comment_status":"closed","ping_status":"closed","template":"","meta":{"footnotes":""},"class_list":["post-752","page","type-page","status-publish","hentry"],"_links":{"self":[{"href":"https:\/\/42ria.itq.webs.upv.es\/en\/wp-json\/wp\/v2\/pages\/752","targetHints":{"allow":["GET"]}}],"collection":[{"href":"https:\/\/42ria.itq.webs.upv.es\/en\/wp-json\/wp\/v2\/pages"}],"about":[{"href":"https:\/\/42ria.itq.webs.upv.es\/en\/wp-json\/wp\/v2\/types\/page"}],"author":[{"embeddable":true,"href":"https:\/\/42ria.itq.webs.upv.es\/en\/wp-json\/wp\/v2\/users\/2"}],"replies":[{"embeddable":true,"href":"https:\/\/42ria.itq.webs.upv.es\/en\/wp-json\/wp\/v2\/comments?post=752"}],"version-history":[{"count":5,"href":"https:\/\/42ria.itq.webs.upv.es\/en\/wp-json\/wp\/v2\/pages\/752\/revisions"}],"predecessor-version":[{"id":1209,"href":"https:\/\/42ria.itq.webs.upv.es\/en\/wp-json\/wp\/v2\/pages\/752\/revisions\/1209"}],"wp:attachment":[{"href":"https:\/\/42ria.itq.webs.upv.es\/en\/wp-json\/wp\/v2\/media?parent=752"}],"curies":[{"name":"wp","href":"https:\/\/api.w.org\/{rel}","templated":true}]}}