{"id":750,"date":"2022-03-25T10:05:46","date_gmt":"2022-03-25T10:05:46","guid":{"rendered":"https:\/\/42ria.itq.webs.upv.es\/welcome\/"},"modified":"2022-04-12T12:05:49","modified_gmt":"2022-04-12T12:05:49","slug":"welcome","status":"publish","type":"page","link":"https:\/\/42ria.itq.webs.upv.es\/en\/welcome\/","title":{"rendered":"WELCOME"},"content":{"rendered":"<div id='full_slider_1'  class='avia-fullwidth-slider main_color avia-shadow   avia-builder-el-0  el_before_av_section  avia-builder-el-first   container_wrap fullsize'  ><div   data-size='featured'  data-lightbox_size='large'  data-animation='slide'  data-conditional_play=''  data-ids='1160'  data-video_counter='0'  data-autoplay='true'  data-bg_slider='false'  data-slide_height=''  data-handle='av_slideshow_full'  data-interval='10'  data-class=' '  data-el_id=''  data-css_id=''  data-scroll_down=''  data-control_layout='av-control-hidden'  data-custom_markup=''  data-perma_caption='aviaTBperma_caption'  data-autoplay_stopper=''  data-image_attachment=''  data-min_height='0px'  data-lazy_loading='disabled'  data-src=''  data-position='top left'  data-repeat='no-repeat'  data-attach='scroll'  data-stretch=''  data-img_scrset=''  data-default-height='28.666666666667'  class='avia-slideshow avia-slideshow-1  av-control-hidden av-default-height-applied avia-slideshow-featured av_slideshow_full   avia-slide-slider '  itemprop=\"image\" itemscope=\"itemscope\" itemtype=\"https:\/\/schema.org\/ImageObject\" ><ul class='avia-slideshow-inner ' style='padding-bottom: 28.666666666667%;' ><li  class=' av-single-slide slide-1 ' ><div data-rel='slideshow-1' class='avia-slide-wrap '   ><img decoding=\"async\" class=\"wp-image-1161 avia-img-lazy-loading-not-1161\"  src=\"https:\/\/42ria.itq.webs.upv.es\/wp-content\/uploads\/2022\/04\/BANNERIN-1500x430.jpg\" width=\"1500\" height=\"430\" title='BANNERIN' alt=''  itemprop=\"thumbnailUrl\" srcset=\"https:\/\/42ria.itq.webs.upv.es\/wp-content\/uploads\/2022\/04\/BANNERIN.jpg 1500w, https:\/\/42ria.itq.webs.upv.es\/wp-content\/uploads\/2022\/04\/BANNERIN-300x86.jpg 300w, https:\/\/42ria.itq.webs.upv.es\/wp-content\/uploads\/2022\/04\/BANNERIN-1030x295.jpg 1030w, https:\/\/42ria.itq.webs.upv.es\/wp-content\/uploads\/2022\/04\/BANNERIN-768x220.jpg 768w, https:\/\/42ria.itq.webs.upv.es\/wp-content\/uploads\/2022\/04\/BANNERIN-705x202.jpg 705w\" sizes=\"(max-width: 1500px) 100vw, 1500px\" \/><\/div><\/li><\/ul><div class = \"caption_fullwidth av-slideshow-caption caption_left\"><div class = \"container caption_container\"><div class = \"slideshow_caption\"><div class = \"slideshow_inner_caption\"><div class = \"slideshow_align_caption\"><h2  style='font-size:70px; ' class='avia-caption-title  '  itemprop=\"name\" >42 RIA<\/h2><div class='avia-caption-content  av_inherit_color'  itemprop=\"description\"   style='font-size:20px; '><p>Iberian Adsorption Meeting<br \/>\nSeptember 13 to 16, 2022<\/p>\n<\/div><\/div><\/div><\/div><\/div><\/div><\/div><\/div>\n<div id='av_section_1'  class='avia-section av-suy6c-bc090699f7affb7fb207960506a815de main_color avia-section-default avia-no-border-styling  avia-builder-el-1  el_after_av_slideshow_full  avia-builder-el-last  avia-bg-style-scroll container_wrap fullsize'  ><div class='container av-section-cont-open' ><div class='template-page content  av-content-full alpha units'><div class='post-entry post-entry-type-page post-entry-750'><div class='entry-content-wrapper clearfix'>\n<div class='flex_column av-1mtgc-5345904b63443657d54d27e1df1fa253 av_one_half  avia-builder-el-2  el_before_av_one_half  avia-builder-el-first  first flex_column_div '   ><section  class='av_textblock_section av-brj30-4fe36bf12931ebc1d7fb2465fcbbdb76'  itemscope=\"itemscope\" itemtype=\"https:\/\/schema.org\/CreativeWork\" ><div class='avia_textblock'  itemprop=\"text\" ><p>The Specialized Adsorption Group of the Spanish Chemistry and Physics Royal Societies (RSEQ and RSEF), at its General Assembly held in Gij\u00f3n in 2018, took the decision of organising the XLII Iberian Adsorption Meeting (42RIA) in Valencia. Unfortunately, the meeting initially scheduled for September 2020 was cancelled due to the pandemic. Now, the health situation has notably improved in Europe and, thus, we have retaken the organization of the XLII Iberian Adsorption Meeting.<\/p>\n<p>For this reason, we are pleased to welcome the scientific community interested in Adsorption and related topics, whom we encourage to participate in this Meeting that will be held in Valencia from September 13 to 16, 2022. The 42RIA Meeting will take place on the &#8220;Sal\u00f3n de Actos de la Escuela T\u00e9cnica Superior de Ingenier\u00eda Agron\u00f3mica y del Medio Natural&#8221; (ETSIAMN, Building 3P) of the Universitat Polit\u00e8cnica de Val\u00e8ncia (UPV) Campus and speakers from both Spain and Portugal, as well as from other nationalities, will attend it.<\/p>\n<p>In this multidisciplinary forum, all aspects related to adsorption will be discussed, from the fundamentals to the final applications, emphasizing its technological, energy and environmental implications. Thus, communications dealing with the following topics fit within the scope of the meeting:<\/p>\n<\/div><\/section><\/div><div class='flex_column av-av_one_half-d06667205e6186ec8414c6eb7605d406 av_one_half  avia-builder-el-4  el_after_av_one_half  avia-builder-el-last  flex_column_div '   ><section  class='av_textblock_section av-l1w0qsdd-9e83d5fabfd9d3a1337509ba9704beec'  itemscope=\"itemscope\" itemtype=\"https:\/\/schema.org\/CreativeWork\" ><div class='avia_textblock'  itemprop=\"text\" ><p><strong>Materials:<\/strong><\/p>\n<ul>\n<li>Preparation<\/li>\n<li>Characterization<\/li>\n<li>Modelling<\/li>\n<\/ul>\n<p><strong>Applications:<\/strong><\/p>\n<ul>\n<li>Gas Phase Adsorption<\/li>\n<li>Liquid Phase Adsorption<\/li>\n<li>Separation ProcessesCatalytic Processes<\/li>\n<li>Energy production and Storage Processes<\/li>\n<li>Contaminant Removal<\/li>\n<li>Other Applications<\/li>\n<\/ul>\n<\/div><\/section><\/div>\n","protected":false},"excerpt":{"rendered":"","protected":false},"author":2,"featured_media":0,"parent":0,"menu_order":0,"comment_status":"closed","ping_status":"closed","template":"","meta":{"footnotes":""},"class_list":["post-750","page","type-page","status-publish","hentry"],"_links":{"self":[{"href":"https:\/\/42ria.itq.webs.upv.es\/en\/wp-json\/wp\/v2\/pages\/750","targetHints":{"allow":["GET"]}}],"collection":[{"href":"https:\/\/42ria.itq.webs.upv.es\/en\/wp-json\/wp\/v2\/pages"}],"about":[{"href":"https:\/\/42ria.itq.webs.upv.es\/en\/wp-json\/wp\/v2\/types\/page"}],"author":[{"embeddable":true,"href":"https:\/\/42ria.itq.webs.upv.es\/en\/wp-json\/wp\/v2\/users\/2"}],"replies":[{"embeddable":true,"href":"https:\/\/42ria.itq.webs.upv.es\/en\/wp-json\/wp\/v2\/comments?post=750"}],"version-history":[{"count":15,"href":"https:\/\/42ria.itq.webs.upv.es\/en\/wp-json\/wp\/v2\/pages\/750\/revisions"}],"predecessor-version":[{"id":1284,"href":"https:\/\/42ria.itq.webs.upv.es\/en\/wp-json\/wp\/v2\/pages\/750\/revisions\/1284"}],"wp:attachment":[{"href":"https:\/\/42ria.itq.webs.upv.es\/en\/wp-json\/wp\/v2\/media?parent=750"}],"curies":[{"name":"wp","href":"https:\/\/api.w.org\/{rel}","templated":true}]}}